{"id":46,"date":"2013-01-14T20:31:27","date_gmt":"2013-01-14T19:31:27","guid":{"rendered":"http:\/\/txakolisagarmina.com\/?page_id=46"},"modified":"2020-01-14T11:05:22","modified_gmt":"2020-01-14T10:05:22","slug":"visitanos","status":"publish","type":"page","link":"https:\/\/txakolisagarmina.com\/eu\/visitanos\/","title":{"rendered":"Bisita gaitzazu"},"content":{"rendered":"<div class=\"wp-block-columns is-layout-flex wp-container-core-columns-layout-2 wp-block-columns-is-layout-flex\">\r\n<div class=\"wp-block-column is-layout-flow wp-block-column-is-layout-flow\">\r\n<h2 class=\"wp-block-heading\">Bodega Sagarmi\u00f1a Txakoli\u00f1a<\/h2>\r\n\r\n\r\n\r\n<p>Barrio Olabarrieta de Mutriku<br \/>Guip\u00fazcoa \u2013 Espa\u00f1aTel\u00e9fono: +34 943 603 225<\/p>\r\n\r\n\r\n\r\n<h2>Jarri arremanetan gurekin<\/h2>\r\n\r\n\r\n\r\n<p>txakolisagarmina@live.com<\/p>\r\n\r\n\r\n <iframe loading=\"lazy\" style=\"border: 0;\" src=\"https:\/\/www.google.com\/maps\/embed?pb=!1m18!1m12!1m3!1d10336.357111447845!2d-2.3769907777189103!3d43.295507662643864!2m3!1f0!2f0!3f0!3m2!1i1024!2i768!4f13.1!3m3!1m2!1s0xd51d0b03db972d7%3A0xf4738da68a108137!2sSagarmi%C3%B1a%20Txakolina!5e0!3m2!1ses!2ses!4v1578939936166!5m2!1ses!2ses\" width=\"100%\" height=\"350\" frameborder=\"0\" allowfullscreen=\"allowfullscreen\"><\/iframe> <\/div>\r\n\r\n\r\n\r\n<div class=\"wp-block-column is-layout-flow wp-block-column-is-layout-flow\">\n<div class=\"wpcf7 no-js\" id=\"wpcf7-f268-o2\" lang=\"es-ES\" dir=\"ltr\">\n<div class=\"screen-reader-response\"><p role=\"status\" aria-live=\"polite\" aria-atomic=\"true\"><\/p> <ul><\/ul><\/div>\n<form action=\"\/eu\/wp-json\/wp\/v2\/pages\/46#wpcf7-f268-o2\" method=\"post\" class=\"wpcf7-form init wpcf7-acceptance-as-validation\" aria-label=\"Formulario de contacto\" novalidate=\"novalidate\" data-status=\"init\">\n<div style=\"display: none;\">\n<input type=\"hidden\" name=\"_wpcf7\" value=\"268\" \/>\n<input type=\"hidden\" name=\"_wpcf7_version\" value=\"5.9.3\" \/>\n<input type=\"hidden\" name=\"_wpcf7_locale\" value=\"es_ES\" \/>\n<input type=\"hidden\" name=\"_wpcf7_unit_tag\" value=\"wpcf7-f268-o2\" \/>\n<input type=\"hidden\" name=\"_wpcf7_container_post\" value=\"0\" \/>\n<input type=\"hidden\" name=\"_wpcf7_posted_data_hash\" value=\"\" \/>\n<input type=\"hidden\" name=\"_wpcf7_recaptcha_response\" value=\"\" \/>\n<\/div>\n<h3>Formulario de contacto\n<\/h3>\n<p><span class=\"wpcf7-form-control-wrap\" data-name=\"nombre\"><input size=\"40\" class=\"wpcf7-form-control wpcf7-text wpcf7-validates-as-required maxwidth-contact\" aria-required=\"true\" aria-invalid=\"false\" placeholder=\"nombre*\" value=\"\" type=\"text\" name=\"nombre\" \/><\/span>\n<\/p>\n<p><span class=\"wpcf7-form-control-wrap\" data-name=\"email\"><input size=\"40\" class=\"wpcf7-form-control wpcf7-email wpcf7-validates-as-required wpcf7-text wpcf7-validates-as-email maxwidth-contact\" aria-required=\"true\" aria-invalid=\"false\" placeholder=\"e-mail*\" value=\"\" type=\"email\" name=\"email\" \/><\/span>\n<\/p>\n<p><span class=\"wpcf7-form-control-wrap\" data-name=\"telefono\"><input size=\"40\" class=\"wpcf7-form-control wpcf7-text wpcf7-validates-as-required maxwidth-contact\" aria-required=\"true\" aria-invalid=\"false\" placeholder=\"tel\u00e9fono*\" value=\"\" type=\"text\" name=\"telefono\" \/><\/span>\n<\/p>\n<p><span class=\"wpcf7-form-control-wrap\" data-name=\"mensaje\"><textarea cols=\"40\" rows=\"10\" class=\"wpcf7-form-control wpcf7-textarea maxwidth-contact\" aria-invalid=\"false\" placeholder=\"mensaje\" name=\"mensaje\"><\/textarea><\/span>\n<\/p>\n<div class=\"privacidad\">\n\t<p><small><strong>- Responsable de datos:<\/strong> SAGARMI\u00d1A TXAKOLI\u00d1A, S.L.<\/small>\n\t<\/p>\n\t<p><small><strong>- Finalidad:<\/strong>\u00a0responder dudas y puntualmente env\u00edo por mail de noticias y ofertas<\/small>\n\t<\/p>\n\t<p><small><strong>- Legitimaci\u00f3n:<\/strong>\u00a0tu consentimiento expreso<\/small>\n\t<\/p>\n\t<p><small><strong>- Destinatario:<\/strong>\u00a0lista de suscriptores alojada en txakolisagarmina.com<\/small>\n\t<\/p>\n\t<p><small><strong>- Derechos:<\/strong>\u00a0acceso, rectificaci\u00f3n, supresi\u00f3n, anonimato, portabilidad y olvido de tus datos<\/small>\n\t<\/p>\n<\/div>\n<p><span class=\"wpcf7-form-control-wrap\" data-name=\"acceptance-112\"><span class=\"wpcf7-form-control wpcf7-acceptance\"><span class=\"wpcf7-list-item\"><input type=\"checkbox\" name=\"acceptance-112\" value=\"1\" aria-invalid=\"false\" \/><\/span><\/span><\/span> Declaro que entiendo y acepto la <a href=\"\/politica-de-privacidad\/ \" title=\"Pol\u00edtica de privacidad\" target=\"_blank\"> POL\u00cdTICA DE PRIVACIDAD<\/a> de SAGARMI\u00d1A TXAKOLI\u00d1A, S.L.\n<\/p>\n<p><input class=\"wpcf7-form-control wpcf7-submit has-spinner\" type=\"submit\" value=\"Enviar\" \/>\n<\/p><div class=\"wpcf7-response-output\" aria-hidden=\"true\"><\/div>\n<\/form>\n<\/div>\n\n<\/div>\r\n<\/div>","protected":false},"excerpt":{"rendered":"<p>Bodega Sagarmi\u00f1a Txakoli\u00f1a Barrio Olabarrieta de MutrikuGuip\u00fazcoa \u2013 Espa\u00f1aTel\u00e9fono: +34 943 603 225 Jarri arremanetan gurekin txakolisagarmina@live.com<\/p>\n","protected":false},"author":2,"featured_media":172,"parent":0,"menu_order":0,"comment_status":"closed","ping_status":"closed","template":"","meta":{"footnotes":""},"aioseo_notices":[],"_links":{"self":[{"href":"https:\/\/txakolisagarmina.com\/eu\/wp-json\/wp\/v2\/pages\/46"}],"collection":[{"href":"https:\/\/txakolisagarmina.com\/eu\/wp-json\/wp\/v2\/pages"}],"about":[{"href":"https:\/\/txakolisagarmina.com\/eu\/wp-json\/wp\/v2\/types\/page"}],"author":[{"embeddable":true,"href":"https:\/\/txakolisagarmina.com\/eu\/wp-json\/wp\/v2\/users\/2"}],"replies":[{"embeddable":true,"href":"https:\/\/txakolisagarmina.com\/eu\/wp-json\/wp\/v2\/comments?post=46"}],"version-history":[{"count":51,"href":"https:\/\/txakolisagarmina.com\/eu\/wp-json\/wp\/v2\/pages\/46\/revisions"}],"predecessor-version":[{"id":333,"href":"https:\/\/txakolisagarmina.com\/eu\/wp-json\/wp\/v2\/pages\/46\/revisions\/333"}],"wp:featuredmedia":[{"embeddable":true,"href":"https:\/\/txakolisagarmina.com\/eu\/wp-json\/wp\/v2\/media\/172"}],"wp:attachment":[{"href":"https:\/\/txakolisagarmina.com\/eu\/wp-json\/wp\/v2\/media?parent=46"}],"curies":[{"name":"wp","href":"https:\/\/api.w.org\/{rel}","templated":true}]}}