{"id":284,"date":"2020-01-13T19:41:52","date_gmt":"2020-01-13T18:41:52","guid":{"rendered":"https:\/\/txakolisagarmina.com\/?page_id=284"},"modified":"2020-01-14T11:03:18","modified_gmt":"2020-01-14T10:03:18","slug":"politica-de-privacidad","status":"publish","type":"page","link":"https:\/\/txakolisagarmina.com\/eu\/politica-de-privacidad\/","title":{"rendered":"Pol\u00edtica de privacidad"},"content":{"rendered":"<p><\/p>\r\n<p>De conformidad con lo establecido en la normativa vigente en Protecci\u00f3n de Datos de Car\u00e1cter Personal, le informamos que sus datos ser\u00e1n incorporados al sistema de tratamiento titularidad de SAGARMI\u00d1A TXAKOLI\u00d1A SL con CIF B75203281 y domicilio social sito en Bo OLABARRIETA SAGARMI\u00d1A BASERRIA 3 20830, MUTRIKU (GUIP\u00daZCOA), con la finalidad de atender sus consultas. En cumplimiento con la normativa vigente, SAGARMI\u00d1A TXAKOLI\u00d1A SL informa que los datos ser\u00e1n conservados durante el plazo estrictamente necesario para cumplir con los preceptos mencionados con anterioridad.<\/p>\r\n<p>\r\n\r\n<\/p>\r\n<p>Le informamos que el tratamiento de sus datos est\u00e1 legitimado por su consentimiento.<\/p>\r\n<p>\r\n\r\n<\/p>\r\n<p>SAGARMI\u00d1A TXAKOLI\u00d1A SL informa que proceder\u00e1 a tratar los datos de manera l\u00edcita, leal, transparente, adecuada, pertinente, limitada, exacta y actualizada. Es por ello que SAGARMI\u00d1A TXAKOLI\u00d1A SL se compromete a adoptar todas las medidas razonables para que estos se supriman o rectifiquen sin dilaci\u00f3n cuando sean inexactos.<\/p>\r\n<p>\r\n\r\n<\/p>\r\n<p>De acuerdo con los derechos que le confiere el la normativa vigente en protecci\u00f3n de datos podr\u00e1 ejercer los derechos de acceso, rectificaci\u00f3n, limitaci\u00f3n de tratamiento, supresi\u00f3n, portabilidad y oposici\u00f3n al tratamiento de sus datos de car\u00e1cter personal as\u00ed como del consentimiento prestado para el tratamiento de los mismos, dirigiendo su petici\u00f3n a la direcci\u00f3n postal indicada m\u00e1s arriba o al correo electr\u00f3nico TXAKOLISAGARMI\u00d1A@LIVE.COM.<\/p>\r\n<p>\r\n\r\n<\/p>\r\n<p>Podr\u00e1 dirigirse a la Autoridad de Control competente para presentar la reclamaci\u00f3n que considere oportuna.<\/p>\r\n<p>\r\n\r\n<\/p>\r\n<p>El env\u00edo de estos datos implica la aceptaci\u00f3n de esta cl\u00e1usula.<\/p>\r\n<p><\/p>","protected":false},"excerpt":{"rendered":"<p>De conformidad con lo establecido en la normativa vigente en Protecci\u00f3n de Datos de Car\u00e1cter Personal, le informamos que sus datos ser\u00e1n incorporados al sistema de tratamiento titularidad de SAGARMI\u00d1A TXAKOLI\u00d1A SL con CIF B75203281 y domicilio social sito en Bo OLABARRIETA SAGARMI\u00d1A BASERRIA 3 20830, MUTRIKU (GUIP\u00daZCOA), con la finalidad de atender sus consultas. [&hellip;]<\/p>\n","protected":false},"author":2,"featured_media":0,"parent":0,"menu_order":0,"comment_status":"closed","ping_status":"closed","template":"","meta":{"footnotes":""},"aioseo_notices":[],"_links":{"self":[{"href":"https:\/\/txakolisagarmina.com\/eu\/wp-json\/wp\/v2\/pages\/284"}],"collection":[{"href":"https:\/\/txakolisagarmina.com\/eu\/wp-json\/wp\/v2\/pages"}],"about":[{"href":"https:\/\/txakolisagarmina.com\/eu\/wp-json\/wp\/v2\/types\/page"}],"author":[{"embeddable":true,"href":"https:\/\/txakolisagarmina.com\/eu\/wp-json\/wp\/v2\/users\/2"}],"replies":[{"embeddable":true,"href":"https:\/\/txakolisagarmina.com\/eu\/wp-json\/wp\/v2\/comments?post=284"}],"version-history":[{"count":3,"href":"https:\/\/txakolisagarmina.com\/eu\/wp-json\/wp\/v2\/pages\/284\/revisions"}],"predecessor-version":[{"id":331,"href":"https:\/\/txakolisagarmina.com\/eu\/wp-json\/wp\/v2\/pages\/284\/revisions\/331"}],"wp:attachment":[{"href":"https:\/\/txakolisagarmina.com\/eu\/wp-json\/wp\/v2\/media?parent=284"}],"curies":[{"name":"wp","href":"https:\/\/api.w.org\/{rel}","templated":true}]}}